{"id":220,"date":"2026-03-10T10:50:43","date_gmt":"2026-03-10T10:50:43","guid":{"rendered":"https:\/\/iceland.sonweb.work\/?post_type=product&#038;p=220"},"modified":"2026-04-06T21:37:09","modified_gmt":"2026-04-06T21:37:09","slug":"kruttleg-macaron-clicker-fidget-lyklakippa-2","status":"publish","type":"product","link":"https:\/\/soleystudio.is\/vi\/san-pham\/kruttleg-macaron-clicker-fidget-lyklakippa-2\/","title":{"rendered":"Kr\u00fattleg Macaron Clicker Fidget Lyklakippa"},"content":{"rendered":"<p>\u2728 V\u00f6rul\u00fdsing<\/p>\n<p>L\u00edtil og falleg fiktvara me\u00f0 mj\u00fakum og \u00e1n\u00e6gjulegum smelli. Fullkomin \u00e1 lyklakippu, sk\u00f3lat\u00f6sku e\u00f0a bakpoka \u2013 fyrir \u00fe\u00e1 sem vilja hafa eitthva\u00f0 \u00ed h\u00f6ndunum og nj\u00f3ta litlu \u201eclick\u201c augnablikanna yfir daginn.<\/p>\n<p>Varan er 3D prentu\u00f0 \u00far PLA plasti sem unni\u00f0 er \u00far endurn\u00fdjanlegum hr\u00e1efnum og sett saman af umhyggju \u00ed litlu vinnustofunni okkar. \u00dear sem hver vara er framleidd s\u00e9rstaklega getur sm\u00e1v\u00e6gileg prent\u00e1fer\u00f0 e\u00f0a litamunur komi\u00f0 fram \u2013 \u00fea\u00f0 er e\u00f0lilegur hluti af 3D prentun og gerir hverja v\u00f6ru einstaka.<\/p>\n<p>\u2699\ufe0f H\u00f6nnu\u00f0 fyrir smellun eing\u00f6ngu \u2013 vinsamlegast for\u00f0ist a\u00f0 sn\u00faa e\u00f0a taka \u00ed sundur.<\/p>\n<p>\u26a0\ufe0f Inniheldur sm\u00e1hluti og hentar ekki b\u00f6rnum undir 3 \u00e1ra aldri.<\/p>\n<p>\ud83e\uddf5 H\u00f6nnunin er eftir Mariesbutton og notu\u00f0 me\u00f0 leyfi. Varan er framleidd og sett saman af Soley Studio.<\/p>","protected":false},"excerpt":{"rendered":"<p>\u2728 V\u00f6rul\u00fdsing L\u00edtil og falleg fiktvara me\u00f0 mj\u00fakum og \u00e1n\u00e6gjulegum smelli. Fullkomin \u00e1 lyklakippu, sk\u00f3lat\u00f6sku e\u00f0a bakpoka \u2013 fyrir \u00fe\u00e1 sem vilja hafa eitthva\u00f0 \u00ed h\u00f6ndunum og nj\u00f3ta litlu \u201eclick\u201c augnablikanna yfir daginn. Varan er 3D prentu\u00f0 \u00far PLA plasti sem unni\u00f0 er \u00far endurn\u00fdjanlegum hr\u00e1efnum og sett saman af umhyggju \u00ed litlu vinnustofunni okkar&#8230;.<\/p>","protected":false},"featured_media":420,"comment_status":"open","ping_status":"closed","template":"","meta":[],"product_brand":[],"product_cat":[20,28],"product_tag":[],"class_list":{"0":"post-220","1":"product","2":"type-product","3":"status-publish","4":"has-post-thumbnail","6":"product_cat-allar-vorur","7":"product_cat-fidget-clickers","9":"first","10":"instock","11":"taxable","12":"shipping-taxable","13":"purchasable","14":"product-type-simple"},"_links":{"self":[{"href":"https:\/\/soleystudio.is\/vi\/wp-json\/wp\/v2\/product\/220","targetHints":{"allow":["GET"]}}],"collection":[{"href":"https:\/\/soleystudio.is\/vi\/wp-json\/wp\/v2\/product"}],"about":[{"href":"https:\/\/soleystudio.is\/vi\/wp-json\/wp\/v2\/types\/product"}],"replies":[{"embeddable":true,"href":"https:\/\/soleystudio.is\/vi\/wp-json\/wp\/v2\/comments?post=220"}],"wp:featuredmedia":[{"embeddable":true,"href":"https:\/\/soleystudio.is\/vi\/wp-json\/wp\/v2\/media\/420"}],"wp:attachment":[{"href":"https:\/\/soleystudio.is\/vi\/wp-json\/wp\/v2\/media?parent=220"}],"wp:term":[{"taxonomy":"product_brand","embeddable":true,"href":"https:\/\/soleystudio.is\/vi\/wp-json\/wp\/v2\/product_brand?post=220"},{"taxonomy":"product_cat","embeddable":true,"href":"https:\/\/soleystudio.is\/vi\/wp-json\/wp\/v2\/product_cat?post=220"},{"taxonomy":"product_tag","embeddable":true,"href":"https:\/\/soleystudio.is\/vi\/wp-json\/wp\/v2\/product_tag?post=220"}],"curies":[{"name":"wp","href":"https:\/\/api.w.org\/{rel}","templated":true}]}}