{"id":232,"date":"2026-03-10T10:50:54","date_gmt":"2026-03-10T10:50:54","guid":{"rendered":"https:\/\/iceland.sonweb.work\/product\/kruttlegt-axolotl-fidget-lyklakippa\/"},"modified":"2026-04-06T21:27:02","modified_gmt":"2026-04-06T21:27:02","slug":"axolotl-fidget-keychain","status":"publish","type":"product","link":"https:\/\/soleystudio.is\/vi\/san-pham\/axolotl-fidget-keychain\/","title":{"rendered":"M\u00f3c ch\u00eca kh\u00f3a Axolotl Fidget \u2013 In 3D"},"content":{"rendered":"<p><span dir=\"auto\" style=\"vertical-align: inherit;\"><span dir=\"auto\" style=\"vertical-align: inherit;\">\u2728 V\u00f6rul\u00fdsing<\/span><\/span><\/p>\n<p><span dir=\"auto\" style=\"vertical-align: inherit;\"><span dir=\"auto\" style=\"vertical-align: inherit;\">L\u00fd do v\u00e0 sai l\u1ea7m c\u1ee7a t\u00f4i l\u00e0 t\u00f4i c\u1ea3m th\u1ea5y kh\u00f3 ch\u1ecbu v\u00e0 c\u00f3 m\u00f9i kh\u00f3 ch\u1ecbu. Fullkomin \u00e1 lyklakippu, sk\u00f3lat\u00f6sku e\u00f0a bakpoka \u2013 fyrir \u00fe\u00e1 sem vilja hafa eitthva\u00f0 \u00ed h\u00f6ndunum og nj\u00f3ta litlu \u201cclick\u201d augnablikanna yfir daginn.<\/span><\/span><\/p>\n<p><span dir=\"auto\" style=\"vertical-align: inherit;\"><span dir=\"auto\" style=\"vertical-align: inherit;\">Varan er 3D prentu\u00f0 \u00far PLAsti sem unni\u00f0 er urn\u00fdjanlegum hr\u00e1efnum v\u00e0 sett saman af umhyggju \u00ed litlu vinnustofunni okkar. B\u1ea1n c\u00f3 th\u1ec3 l\u00e0m \u0111i\u1ec1u \u0111\u00f3 b\u1eb1ng c\u00e1ch s\u1eed d\u1ee5ng m\u1ed9t s\u1ed1 c\u00f4ng c\u1ee5 c\u00f3 th\u1ec3 gi\u00fap b\u1ea1n c\u00f3 \u0111\u01b0\u1ee3c m\u1ed9t c\u00f4ng vi\u1ec7c d\u1ec5 d\u00e0ng v\u00e0 nhanh ch\u00f3ng \u2013 b\u1ea1n c\u00f3 th\u1ec3 s\u1eed d\u1ee5ng n\u00f3 trong 3D prentun v\u00e0 gerir hverja v\u00f6ru einstaka.<\/span><\/span><\/p>\n<p><span dir=\"auto\" style=\"vertical-align: inherit;\"><span dir=\"auto\" style=\"vertical-align: inherit;\">\u2699\ufe0f H\u00f6nnu\u00f0 fyrir dirty eing\u00f6ngu \u2013 vinsamlegast for\u00f0ist a\u00f0 sn\u00faa e\u00f0a taka \u00ed sundur.<\/span><\/span><\/p>\n<p><span dir=\"auto\" style=\"vertical-align: inherit;\"><span dir=\"auto\" style=\"vertical-align: inherit;\">\u26a0\ufe0f Inniheldur sm\u00e1hluti v\u00e0 hentar ekki b\u00f6rnum undir 3 ara aldri.<\/span><\/span><\/p>\n<p><span dir=\"auto\" style=\"vertical-align: inherit;\"><span dir=\"auto\" style=\"vertical-align: inherit;\">\ud83e\uddf5 B\u1ea1n \u0111ang s\u1eed d\u1ee5ng Mariesbutton v\u00e0 kh\u00f4ng bi\u1ebft \u0111i\u1ec1u \u0111\u00f3. B\u1ea1n c\u00f3 th\u1ec3 d\u1ec5 d\u00e0ng t\u00ecm ra c\u00e1ch gi\u1ea3i quy\u1ebft cho Soley Studio.<\/span><\/span><\/p>","protected":false},"excerpt":{"rendered":"<p><span dir=\"auto\" style=\"vertical-align: inherit;\"><span dir=\"auto\" style=\"vertical-align: inherit;\">M\u00f3c kh\u00f3a h\u00ecnh k\u1ef3 gi\u00f4ng in 3D v\u1edbi c\u00e1c \u0111o\u1ea1n linh ho\u1ea1t. <\/span><\/span><br \/>\n<span dir=\"auto\" style=\"vertical-align: inherit;\"><span dir=\"auto\" style=\"vertical-align: inherit;\">Nh\u1eb9, th\u00fa v\u1ecb v\u00e0 ho\u00e0n h\u1ea3o \u0111\u1ec3 g\u1eafn v\u00e0o ch\u00eca kh\u00f3a ho\u1eb7c t\u00fai x\u00e1ch.<\/span><\/span><\/p>","protected":false},"featured_media":340,"comment_status":"open","ping_status":"closed","template":"","meta":[],"product_brand":[],"product_cat":[20,28],"product_tag":[],"class_list":{"0":"post-232","1":"product","2":"type-product","3":"status-publish","4":"has-post-thumbnail","6":"product_cat-allar-vorur","7":"product_cat-fidget-clickers","9":"first","10":"instock","11":"taxable","12":"shipping-taxable","13":"purchasable","14":"product-type-simple"},"_links":{"self":[{"href":"https:\/\/soleystudio.is\/vi\/wp-json\/wp\/v2\/product\/232","targetHints":{"allow":["GET"]}}],"collection":[{"href":"https:\/\/soleystudio.is\/vi\/wp-json\/wp\/v2\/product"}],"about":[{"href":"https:\/\/soleystudio.is\/vi\/wp-json\/wp\/v2\/types\/product"}],"replies":[{"embeddable":true,"href":"https:\/\/soleystudio.is\/vi\/wp-json\/wp\/v2\/comments?post=232"}],"wp:featuredmedia":[{"embeddable":true,"href":"https:\/\/soleystudio.is\/vi\/wp-json\/wp\/v2\/media\/340"}],"wp:attachment":[{"href":"https:\/\/soleystudio.is\/vi\/wp-json\/wp\/v2\/media?parent=232"}],"wp:term":[{"taxonomy":"product_brand","embeddable":true,"href":"https:\/\/soleystudio.is\/vi\/wp-json\/wp\/v2\/product_brand?post=232"},{"taxonomy":"product_cat","embeddable":true,"href":"https:\/\/soleystudio.is\/vi\/wp-json\/wp\/v2\/product_cat?post=232"},{"taxonomy":"product_tag","embeddable":true,"href":"https:\/\/soleystudio.is\/vi\/wp-json\/wp\/v2\/product_tag?post=232"}],"curies":[{"name":"wp","href":"https:\/\/api.w.org\/{rel}","templated":true}]}}