{"id":370,"date":"2026-03-16T13:39:40","date_gmt":"2026-03-16T13:39:40","guid":{"rendered":"https:\/\/soleystudio.is\/?post_type=product&#038;p=370"},"modified":"2026-03-16T13:39:40","modified_gmt":"2026-03-16T13:39:40","slug":"saetur-flexi-krokodill","status":"publish","type":"product","link":"https:\/\/soleystudio.is\/vi\/san-pham\/saetur-flexi-krokodill\/","title":{"rendered":"S\u00e6tur Flexi Kr\u00f3k\u00f3d\u00edll"},"content":{"rendered":"<p>M\u00f4 h\u00ecnh c\u00e1 s\u1ea5u Flexi n\u00e0y l\u00e0 m\u1ed9t m\u00f4 h\u00ecnh in t\u1ea1i ch\u1ed7 linh ho\u1ea1t, kh\u00f4ng c\u1ea7n gi\u00e1 \u0111\u1ee1 hay l\u1eafp r\u00e1p. N\u00f3 in r\u1ea5t t\u1ed1t b\u1eb1ng v\u1eadt li\u1ec7u PLA.<\/p>\n<p>Nh\u1eefng con b\u00fap b\u00ea d\u1ebbo r\u1ea5t th\u00fa v\u1ecb \u0111\u1ec3 ch\u01a1i c\u00f9ng v\u00ec ch\u00fang c\u00f3 th\u1ec3 c\u1eed \u0111\u1ed9ng t\u1ef1 do v\u00e0 u\u1ed1n cong theo m\u1ecdi h\u01b0\u1edbng.<\/p>\n<p>H\u00f6nnun: Nh\u00e0 m\u00e1y linh ho\u1ea1t<br \/>\nIn b\u1edfi: Soley Studio<\/p>\n<p>&nbsp;<\/p>\n<div class=\"relative w-full mt-4 mb-1\">\n<div class=\"\">\n<div class=\"relative\">\n<div class=\"h-full min-h-0 min-w-0\">\n<div class=\"h-full min-h-0 min-w-0\">\n<div class=\"border border-token-border-light border-radius-3xl corner-superellipse\/1.1 rounded-3xl\">\n<div class=\"h-full w-full border-radius-3xl bg-token-bg-elevated-secondary corner-superellipse\/1.1 overflow-clip rounded-3xl lxnfua_clipPathFallback\">\n<div class=\"pe-11 pt-3\">\n<div class=\"relative z-0 flex max-w-full\">\n<div id=\"code-block-viewer\" class=\"q9tKkq_viewer cm-editor z-10 light:cm-light dark:cm-light flex h-full w-full flex-col items-stretch \u037cd \u037cr\" dir=\"ltr\">\n<div class=\"cm-scroller\">\n<div class=\"cm-content q9tKkq_readonly\">\u0110\u00e2y l\u00e0 m\u1ed9t m\u00f3n \u0111\u1ed3 ch\u01a1i gi\u00fap gi\u1ea3m c\u0103ng th\u1eb3ng ho\u1eb7c m\u1ed9t m\u00f3n \u0111\u1ed3 ch\u01a1i nh\u1ecf \u0111\u1ec3 vi\u1ebft.<\/div>\n<\/div>\n<\/div>\n<\/div>\n<\/div>\n<\/div>\n<\/div>\n<\/div>\n<\/div>\n<div class=\"\">\n<div class=\"\"><\/div>\n<\/div>\n<\/div>\n<\/div>\n<\/div>\n<p data-start=\"961\" data-end=\"1027\">","protected":false},"excerpt":{"rendered":"<p>\u00deessi Flexi kr\u00f3k\u00f3d\u00edll er hreyfanlegt print-in-place m\u00f3del sem \u00fearf engar sto\u00f0ir og enga samsetningu. Hann prentast mj\u00f6g vel me\u00f0 PLA. Flexi leikf\u00f6ng eru skemmtileg a\u00f0 leika s\u00e9r me\u00f0 \u00fev\u00ed \u00feau hreyfast frj\u00e1lslega og sveigjast \u00ed allar \u00e1ttir. H\u00f6nnun: Flexi Factory Prenta\u00f0 af: Soley Studio &nbsp; Fullkomi\u00f0 sem fidget leikfang e\u00f0a l\u00edti\u00f0 skrifbor\u00f0sleikfang.<\/p>","protected":false},"featured_media":371,"comment_status":"open","ping_status":"closed","template":"","meta":[],"product_brand":[],"product_cat":[20],"product_tag":[],"class_list":{"0":"post-370","1":"product","2":"type-product","3":"status-publish","4":"has-post-thumbnail","6":"product_cat-allar-vorur","8":"first","9":"instock","10":"taxable","11":"shipping-taxable","12":"purchasable","13":"product-type-simple"},"_links":{"self":[{"href":"https:\/\/soleystudio.is\/vi\/wp-json\/wp\/v2\/product\/370","targetHints":{"allow":["GET"]}}],"collection":[{"href":"https:\/\/soleystudio.is\/vi\/wp-json\/wp\/v2\/product"}],"about":[{"href":"https:\/\/soleystudio.is\/vi\/wp-json\/wp\/v2\/types\/product"}],"replies":[{"embeddable":true,"href":"https:\/\/soleystudio.is\/vi\/wp-json\/wp\/v2\/comments?post=370"}],"wp:featuredmedia":[{"embeddable":true,"href":"https:\/\/soleystudio.is\/vi\/wp-json\/wp\/v2\/media\/371"}],"wp:attachment":[{"href":"https:\/\/soleystudio.is\/vi\/wp-json\/wp\/v2\/media?parent=370"}],"wp:term":[{"taxonomy":"product_brand","embeddable":true,"href":"https:\/\/soleystudio.is\/vi\/wp-json\/wp\/v2\/product_brand?post=370"},{"taxonomy":"product_cat","embeddable":true,"href":"https:\/\/soleystudio.is\/vi\/wp-json\/wp\/v2\/product_cat?post=370"},{"taxonomy":"product_tag","embeddable":true,"href":"https:\/\/soleystudio.is\/vi\/wp-json\/wp\/v2\/product_tag?post=370"}],"curies":[{"name":"wp","href":"https:\/\/api.w.org\/{rel}","templated":true}]}}